{"id":820,"date":"2024-11-21T19:53:12","date_gmt":"2024-11-21T22:53:12","guid":{"rendered":"https:\/\/jupitersp.com.br\/?page_id=820"},"modified":"2024-11-21T19:53:12","modified_gmt":"2024-11-21T22:53:12","slug":"politica-de-cookies-2","status":"publish","type":"page","link":"https:\/\/jupitersp.com.br\/index.php\/politica-de-cookies-2\/","title":{"rendered":"Cookies"},"content":{"rendered":"\t\t<div data-elementor-type=\"wp-page\" data-elementor-id=\"820\" class=\"elementor elementor-820\" data-elementor-post-type=\"page\">\n\t\t\t\t<div class=\"elementor-element elementor-element-3e22a08 e-flex e-con-boxed e-con e-parent\" data-id=\"3e22a08\" data-element_type=\"container\" data-e-type=\"container\">\n\t\t\t\t\t<div class=\"e-con-inner\">\n\t\t\t\t<div class=\"elementor-element elementor-element-5f4162e9 elementor-widget elementor-widget-text-editor\" data-id=\"5f4162e9\" data-element_type=\"widget\" data-e-type=\"widget\" data-widget_type=\"text-editor.default\">\n\t\t\t\t<div class=\"elementor-widget-container\">\n\t\t\t\t\t\t\t\t\t<div class=\"cli_pg_page_contaner\">\n<h3>O que s\u00e3o cookies?<\/h3>\n<div>\n<p>Cookies s\u00e3o pequenos arquivos de texto usados \u200b\u200bpara armazenar pequenas informa\u00e7\u00f5es. Os cookies s\u00e3o armazenados em seu dispositivo quando o site \u00e9 carregado em seu navegador. Esses cookies nos ajudam a fazer o site funcionar corretamente, torn\u00e1-lo mais seguro, fornecer uma melhor experi\u00eancia do usu\u00e1rio e entender como o site funciona e analisar o que funciona e onde precisa ser melhorado.<\/p>\n<\/div>\n<\/div>\n<h3>Como usamos cookies?<\/h3>\n<div>\n<p>Como a maioria dos servi\u00e7os online, nosso site usa cookies pr\u00f3prios e cookies de terceiros para diversos fins. Os cookies prim\u00e1rios s\u00e3o principalmente necess\u00e1rios para o funcionamento correto do site e n\u00e3o coletam nenhum de seus dados de identifica\u00e7\u00e3o pessoal.<\/p>\n<p>Os cookies de terceiros usados \u200b\u200bem nossos sites s\u00e3o usados \u200b\u200bprincipalmente para compreender o desempenho do site, como voc\u00ea interage com nosso site, mantendo nossos servi\u00e7os seguros, fornecendo an\u00fancios que s\u00e3o relevantes para voc\u00ea e, em suma, fornecendo-lhe um experi\u00eancia do usu\u00e1rio melhor e aprimorada e ajuda a acelerar suas futuras intera\u00e7\u00f5es com nosso site.<\/p>\n<\/div>\n<h3>Que tipos de cookies usamos?<\/h3>\n<div>\n<p>Essencial : alguns cookies s\u00e3o essenciais para que voc\u00ea possa experimentar todas as funcionalidades de nosso site. Eles nos permitem manter as sess\u00f5es do usu\u00e1rio e prevenir quaisquer amea\u00e7as \u00e0 seguran\u00e7a. Eles n\u00e3o coletam ou armazenam nenhuma informa\u00e7\u00e3o pessoal. Por exemplo, esses cookies permitem que voc\u00ea fa\u00e7a login em sua conta e adicione produtos \u00e0 sua cesta e finalize a compra com seguran\u00e7a.<\/p>\n<p>Estat\u00edsticas: esses cookies armazenam informa\u00e7\u00f5es como o n\u00famero de visitantes do site, o n\u00famero de visitantes \u00fanicos, quais p\u00e1ginas do site foram visitadas, a fonte da visita, etc. Esses dados nos ajudam a entender e analisar o desempenho do site e onde ele precisa ser melhorado.<\/p>\n<p>Marketing: nosso site exibe an\u00fancios. Esses cookies s\u00e3o usados \u200b\u200bpara personalizar os an\u00fancios que mostramos a voc\u00ea para que sejam significativos para voc\u00ea. Esses cookies tamb\u00e9m nos ajudam a acompanhar a efici\u00eancia dessas campanhas publicit\u00e1rias.<br \/>As informa\u00e7\u00f5es armazenadas nesses cookies tamb\u00e9m podem ser usadas por provedores de an\u00fancios de terceiros para mostrar an\u00fancios em outros sites no navegador tamb\u00e9m.<\/p>\n<p>Funcional: s\u00e3o os cookies que ajudam certas funcionalidades n\u00e3o essenciais em nosso site. Essas funcionalidades incluem a incorpora\u00e7\u00e3o de conte\u00fado como v\u00eddeos ou o compartilhamento de conte\u00fado no site em plataformas de m\u00eddia social.<\/p>\n<p>Prefer\u00eancias: esses cookies nos ajudam a armazenar suas configura\u00e7\u00f5es e prefer\u00eancias de navega\u00e7\u00e3o, como prefer\u00eancias de idioma, para que voc\u00ea tenha uma experi\u00eancia melhor e eficiente em futuras visitas ao site .<\/p>\n<\/div>\n<h3>Como posso controlar as prefer\u00eancias de cookies?<\/h3>\n<div>\n<p>Caso decida alterar suas prefer\u00eancias posteriormente durante a sess\u00e3o de navega\u00e7\u00e3o, voc\u00ea pode clicar na guia \u201cPrivacidade e Pol\u00edtica de Cookies\u201d na tela. Isso exibir\u00e1 o aviso de consentimento novamente, permitindo que voc\u00ea altere suas prefer\u00eancias ou retire totalmente o seu consentimento.<\/p>\n<p>Al\u00e9m disso, diferentes navegadores fornecem m\u00e9todos diferentes para bloquear e excluir cookies usados \u200b\u200bpor sites. Voc\u00ea pode alterar as configura\u00e7\u00f5es do seu navegador para bloquear \/ excluir os cookies. Para saber mais sobre como gerenciar e excluir cookies, visite wikipedia.org , www.allaboutcookies.org.<\/p>\n<\/div>\t\t\t\t\t\t\t\t<\/div>\n\t\t\t\t<\/div>\n\t\t\t\t\t<\/div>\n\t\t\t\t<\/div>\n\t\t\t\t<\/div>\n\t\t","protected":false},"excerpt":{"rendered":"<p>O que s\u00e3o cookies? Cookies s\u00e3o pequenos arquivos de texto usados \u200b\u200bpara armazenar pequenas informa\u00e7\u00f5es. Os cookies s\u00e3o armazenados em seu dispositivo quando o site \u00e9 carregado em seu navegador. Esses cookies nos ajudam a fazer o site funcionar corretamente, torn\u00e1-lo mais seguro, fornecer uma melhor experi\u00eancia do usu\u00e1rio e entender como o site funciona [&hellip;]<\/p>\n","protected":false},"author":1,"featured_media":0,"parent":0,"menu_order":0,"comment_status":"closed","ping_status":"closed","template":"","meta":{"footnotes":""},"class_list":["post-820","page","type-page","status-publish","hentry"],"yoast_head":"<!-- This site is optimized with the Yoast SEO plugin v27.2 - https:\/\/yoast.com\/product\/yoast-seo-wordpress\/ -->\n<title>Cookies - J\u00fapiter Desentupidora<\/title>\n<meta name=\"robots\" content=\"index, follow, max-snippet:-1, max-image-preview:large, max-video-preview:-1\" \/>\n<link rel=\"canonical\" href=\"https:\/\/jupitersp.com.br\/index.php\/politica-de-cookies-2\/\" \/>\n<meta property=\"og:locale\" content=\"pt_PT\" \/>\n<meta property=\"og:type\" content=\"article\" \/>\n<meta property=\"og:title\" content=\"Cookies - J\u00fapiter Desentupidora\" \/>\n<meta property=\"og:description\" content=\"O que s\u00e3o cookies? Cookies s\u00e3o pequenos arquivos de texto usados \u200b\u200bpara armazenar pequenas informa\u00e7\u00f5es. Os cookies s\u00e3o armazenados em seu dispositivo quando o site \u00e9 carregado em seu navegador. Esses cookies nos ajudam a fazer o site funcionar corretamente, torn\u00e1-lo mais seguro, fornecer uma melhor experi\u00eancia do usu\u00e1rio e entender como o site funciona [&hellip;]\" \/>\n<meta property=\"og:url\" content=\"https:\/\/jupitersp.com.br\/index.php\/politica-de-cookies-2\/\" \/>\n<meta property=\"og:site_name\" content=\"J\u00fapiter Desentupidora\" \/>\n<meta property=\"article:publisher\" content=\"https:\/\/www.facebook.com\/jupiterdesentupidora\" \/>\n<meta property=\"og:image\" content=\"https:\/\/jupitersp.com.br\/wp-content\/uploads\/2024\/05\/Banner_jupiter.webp\" \/>\n\t<meta property=\"og:image:width\" content=\"1920\" \/>\n\t<meta property=\"og:image:height\" content=\"960\" \/>\n\t<meta property=\"og:image:type\" content=\"image\/webp\" \/>\n<meta name=\"twitter:card\" content=\"summary_large_image\" \/>\n<meta name=\"twitter:label1\" content=\"Tempo estimado de leitura\" \/>\n\t<meta name=\"twitter:data1\" content=\"3 minutos\" \/>\n<script type=\"application\/ld+json\" class=\"yoast-schema-graph\">{\"@context\":\"https:\/\/schema.org\",\"@graph\":[{\"@type\":\"WebPage\",\"@id\":\"https:\/\/jupitersp.com.br\/index.php\/politica-de-cookies-2\/\",\"url\":\"https:\/\/jupitersp.com.br\/index.php\/politica-de-cookies-2\/\",\"name\":\"Cookies - J\u00fapiter Desentupidora\",\"isPartOf\":{\"@id\":\"https:\/\/jupitersp.com.br\/#website\"},\"datePublished\":\"2024-11-21T22:53:12+00:00\",\"breadcrumb\":{\"@id\":\"https:\/\/jupitersp.com.br\/index.php\/politica-de-cookies-2\/#breadcrumb\"},\"inLanguage\":\"pt-PT\",\"potentialAction\":[{\"@type\":\"ReadAction\",\"target\":[\"https:\/\/jupitersp.com.br\/index.php\/politica-de-cookies-2\/\"]}]},{\"@type\":\"BreadcrumbList\",\"@id\":\"https:\/\/jupitersp.com.br\/index.php\/politica-de-cookies-2\/#breadcrumb\",\"itemListElement\":[{\"@type\":\"ListItem\",\"position\":1,\"name\":\"In\u00edcio\",\"item\":\"https:\/\/jupitersp.com.br\/\"},{\"@type\":\"ListItem\",\"position\":2,\"name\":\"Cookies\"}]},{\"@type\":\"WebSite\",\"@id\":\"https:\/\/jupitersp.com.br\/#website\",\"url\":\"https:\/\/jupitersp.com.br\/\",\"name\":\"J\u00fapiter Desentupidora\",\"description\":\"Desentupimento desinsetiza\u00e7\u00e3o dedetiza\u00e7\u00e3o higieniza\u00e7\u00e3o caixas d`\u00e1gua Descupiniza\u00e7\u00e3o Hidrojateamento\",\"publisher\":{\"@id\":\"https:\/\/jupitersp.com.br\/#organization\"},\"alternateName\":\"jupiterdesentupidora\",\"potentialAction\":[{\"@type\":\"SearchAction\",\"target\":{\"@type\":\"EntryPoint\",\"urlTemplate\":\"https:\/\/jupitersp.com.br\/?s={search_term_string}\"},\"query-input\":{\"@type\":\"PropertyValueSpecification\",\"valueRequired\":true,\"valueName\":\"search_term_string\"}}],\"inLanguage\":\"pt-PT\"},{\"@type\":\"Organization\",\"@id\":\"https:\/\/jupitersp.com.br\/#organization\",\"name\":\"J\u00fapiter Desentupidora\",\"alternateName\":\"Desentupidora Jupiter\",\"url\":\"https:\/\/jupitersp.com.br\/\",\"logo\":{\"@type\":\"ImageObject\",\"inLanguage\":\"pt-PT\",\"@id\":\"https:\/\/jupitersp.com.br\/#\/schema\/logo\/image\/\",\"url\":\"https:\/\/jupitersp.com.br\/wp-content\/uploads\/2024\/05\/JupiterDesentupidora.webp\",\"contentUrl\":\"https:\/\/jupitersp.com.br\/wp-content\/uploads\/2024\/05\/JupiterDesentupidora.webp\",\"width\":1920,\"height\":960,\"caption\":\"J\u00fapiter Desentupidora\"},\"image\":{\"@id\":\"https:\/\/jupitersp.com.br\/#\/schema\/logo\/image\/\"},\"sameAs\":[\"https:\/\/www.facebook.com\/jupiterdesentupidora\",\"https:\/\/www.instagram.com\/jupiterdesentupidora\"]}]}<\/script>\n<!-- \/ Yoast SEO plugin. -->","yoast_head_json":{"title":"Cookies - J\u00fapiter Desentupidora","robots":{"index":"index","follow":"follow","max-snippet":"max-snippet:-1","max-image-preview":"max-image-preview:large","max-video-preview":"max-video-preview:-1"},"canonical":"https:\/\/jupitersp.com.br\/index.php\/politica-de-cookies-2\/","og_locale":"pt_PT","og_type":"article","og_title":"Cookies - J\u00fapiter Desentupidora","og_description":"O que s\u00e3o cookies? Cookies s\u00e3o pequenos arquivos de texto usados \u200b\u200bpara armazenar pequenas informa\u00e7\u00f5es. Os cookies s\u00e3o armazenados em seu dispositivo quando o site \u00e9 carregado em seu navegador. Esses cookies nos ajudam a fazer o site funcionar corretamente, torn\u00e1-lo mais seguro, fornecer uma melhor experi\u00eancia do usu\u00e1rio e entender como o site funciona [&hellip;]","og_url":"https:\/\/jupitersp.com.br\/index.php\/politica-de-cookies-2\/","og_site_name":"J\u00fapiter Desentupidora","article_publisher":"https:\/\/www.facebook.com\/jupiterdesentupidora","og_image":[{"width":1920,"height":960,"url":"https:\/\/jupitersp.com.br\/wp-content\/uploads\/2024\/05\/Banner_jupiter.webp","type":"image\/webp"}],"twitter_card":"summary_large_image","twitter_misc":{"Tempo estimado de leitura":"3 minutos"},"schema":{"@context":"https:\/\/schema.org","@graph":[{"@type":"WebPage","@id":"https:\/\/jupitersp.com.br\/index.php\/politica-de-cookies-2\/","url":"https:\/\/jupitersp.com.br\/index.php\/politica-de-cookies-2\/","name":"Cookies - J\u00fapiter Desentupidora","isPartOf":{"@id":"https:\/\/jupitersp.com.br\/#website"},"datePublished":"2024-11-21T22:53:12+00:00","breadcrumb":{"@id":"https:\/\/jupitersp.com.br\/index.php\/politica-de-cookies-2\/#breadcrumb"},"inLanguage":"pt-PT","potentialAction":[{"@type":"ReadAction","target":["https:\/\/jupitersp.com.br\/index.php\/politica-de-cookies-2\/"]}]},{"@type":"BreadcrumbList","@id":"https:\/\/jupitersp.com.br\/index.php\/politica-de-cookies-2\/#breadcrumb","itemListElement":[{"@type":"ListItem","position":1,"name":"In\u00edcio","item":"https:\/\/jupitersp.com.br\/"},{"@type":"ListItem","position":2,"name":"Cookies"}]},{"@type":"WebSite","@id":"https:\/\/jupitersp.com.br\/#website","url":"https:\/\/jupitersp.com.br\/","name":"J\u00fapiter Desentupidora","description":"Desentupimento desinsetiza\u00e7\u00e3o dedetiza\u00e7\u00e3o higieniza\u00e7\u00e3o caixas d`\u00e1gua Descupiniza\u00e7\u00e3o Hidrojateamento","publisher":{"@id":"https:\/\/jupitersp.com.br\/#organization"},"alternateName":"jupiterdesentupidora","potentialAction":[{"@type":"SearchAction","target":{"@type":"EntryPoint","urlTemplate":"https:\/\/jupitersp.com.br\/?s={search_term_string}"},"query-input":{"@type":"PropertyValueSpecification","valueRequired":true,"valueName":"search_term_string"}}],"inLanguage":"pt-PT"},{"@type":"Organization","@id":"https:\/\/jupitersp.com.br\/#organization","name":"J\u00fapiter Desentupidora","alternateName":"Desentupidora Jupiter","url":"https:\/\/jupitersp.com.br\/","logo":{"@type":"ImageObject","inLanguage":"pt-PT","@id":"https:\/\/jupitersp.com.br\/#\/schema\/logo\/image\/","url":"https:\/\/jupitersp.com.br\/wp-content\/uploads\/2024\/05\/JupiterDesentupidora.webp","contentUrl":"https:\/\/jupitersp.com.br\/wp-content\/uploads\/2024\/05\/JupiterDesentupidora.webp","width":1920,"height":960,"caption":"J\u00fapiter Desentupidora"},"image":{"@id":"https:\/\/jupitersp.com.br\/#\/schema\/logo\/image\/"},"sameAs":["https:\/\/www.facebook.com\/jupiterdesentupidora","https:\/\/www.instagram.com\/jupiterdesentupidora"]}]}},"_links":{"self":[{"href":"https:\/\/jupitersp.com.br\/index.php\/wp-json\/wp\/v2\/pages\/820","targetHints":{"allow":["GET"]}}],"collection":[{"href":"https:\/\/jupitersp.com.br\/index.php\/wp-json\/wp\/v2\/pages"}],"about":[{"href":"https:\/\/jupitersp.com.br\/index.php\/wp-json\/wp\/v2\/types\/page"}],"author":[{"embeddable":true,"href":"https:\/\/jupitersp.com.br\/index.php\/wp-json\/wp\/v2\/users\/1"}],"replies":[{"embeddable":true,"href":"https:\/\/jupitersp.com.br\/index.php\/wp-json\/wp\/v2\/comments?post=820"}],"version-history":[{"count":1,"href":"https:\/\/jupitersp.com.br\/index.php\/wp-json\/wp\/v2\/pages\/820\/revisions"}],"predecessor-version":[{"id":821,"href":"https:\/\/jupitersp.com.br\/index.php\/wp-json\/wp\/v2\/pages\/820\/revisions\/821"}],"wp:attachment":[{"href":"https:\/\/jupitersp.com.br\/index.php\/wp-json\/wp\/v2\/media?parent=820"}],"curies":[{"name":"wp","href":"https:\/\/api.w.org\/{rel}","templated":true}]}}