{"id":574,"date":"2024-07-04T21:48:23","date_gmt":"2024-07-05T00:48:23","guid":{"rendered":"https:\/\/jupitersp.com.br\/?page_id=574"},"modified":"2025-01-30T12:18:34","modified_gmt":"2025-01-30T15:18:34","slug":"combo-da-economia","status":"publish","type":"page","link":"https:\/\/jupitersp.com.br\/index.php\/combo-da-economia\/","title":{"rendered":"Combo da economia e praticidade"},"content":{"rendered":"\t\t<div data-elementor-type=\"wp-page\" data-elementor-id=\"574\" class=\"elementor elementor-574\" data-elementor-post-type=\"page\">\n\t\t\t\t<div class=\"elementor-element elementor-element-b6dcd2c e-flex e-con-boxed e-con e-parent\" data-id=\"b6dcd2c\" data-element_type=\"container\" data-e-type=\"container\">\n\t\t\t\t\t<div class=\"e-con-inner\">\n\t\t\t\t<div class=\"elementor-element elementor-element-a7a6754 elementor-widget elementor-widget-heading\" data-id=\"a7a6754\" data-element_type=\"widget\" data-e-type=\"widget\" data-widget_type=\"heading.default\">\n\t\t\t\t<div class=\"elementor-widget-container\">\n\t\t\t\t\t<h2 class=\"elementor-heading-title elementor-size-default\">Combo da economia e praticidade<\/h2>\t\t\t\t<\/div>\n\t\t\t\t<\/div>\n\t\t\t\t\t<\/div>\n\t\t\t\t<\/div>\n\t\t<div class=\"elementor-element elementor-element-a5ed20e e-con-full e-flex e-con e-parent\" data-id=\"a5ed20e\" data-element_type=\"container\" data-e-type=\"container\" data-settings=\"{&quot;background_background&quot;:&quot;classic&quot;}\">\n\t\t<div class=\"elementor-element elementor-element-9c1e4bf e-con-full e-flex e-con e-child\" data-id=\"9c1e4bf\" data-element_type=\"container\" data-e-type=\"container\">\n\t\t\t\t<div class=\"elementor-element elementor-element-3f4f0b4 elementor-widget elementor-widget-image\" data-id=\"3f4f0b4\" data-element_type=\"widget\" data-e-type=\"widget\" data-widget_type=\"image.default\">\n\t\t\t\t<div class=\"elementor-widget-container\">\n\t\t\t\t\t\t\t\t\t\t\t\t\t\t\t<img fetchpriority=\"high\" decoding=\"async\" width=\"800\" height=\"800\" src=\"https:\/\/jupitersp.com.br\/wp-content\/uploads\/2024\/12\/ComboJupiterDesenupidora-1024x1024.png\" class=\"attachment-large size-large wp-image-1035\" alt=\"Um pacote de servi\u00e7os J\u00fapiter Desentupidora completo e personalizado\" srcset=\"https:\/\/jupitersp.com.br\/wp-content\/uploads\/2024\/12\/ComboJupiterDesenupidora-1024x1024.png 1024w, https:\/\/jupitersp.com.br\/wp-content\/uploads\/2024\/12\/ComboJupiterDesenupidora-300x300.png 300w, https:\/\/jupitersp.com.br\/wp-content\/uploads\/2024\/12\/ComboJupiterDesenupidora-150x150.png 150w, https:\/\/jupitersp.com.br\/wp-content\/uploads\/2024\/12\/ComboJupiterDesenupidora-768x768.png 768w, https:\/\/jupitersp.com.br\/wp-content\/uploads\/2024\/12\/ComboJupiterDesenupidora.png 1080w\" sizes=\"(max-width: 800px) 100vw, 800px\" \/>\t\t\t\t\t\t\t\t\t\t\t\t\t\t\t<\/div>\n\t\t\t\t<\/div>\n\t\t\t\t<\/div>\n\t\t<div class=\"elementor-element elementor-element-6410c08 e-con-full e-flex e-con e-child\" data-id=\"6410c08\" data-element_type=\"container\" data-e-type=\"container\">\n\t\t\t\t<div class=\"elementor-element elementor-element-e976be4 elementor-widget elementor-widget-text-editor\" data-id=\"e976be4\" data-element_type=\"widget\" data-e-type=\"widget\" data-widget_type=\"text-editor.default\">\n\t\t\t\t<div class=\"elementor-widget-container\">\n\t\t\t\t\t\t\t\t\t<div class=\"wpb_text_column wpb_content_element \"><div class=\"wpb_wrapper\"><p><strong>Combo da economia<\/strong><\/p><p><strong>Combo da Economia e Praticidade J\u00fapiter: Solu\u00e7\u00f5es Completas para seu Condom\u00ednio<\/strong><\/p><p>Na J\u00fapiter Desentupidora, entendemos a import\u00e2ncia de manter seu condom\u00ednio seguro e bem cuidado ao longo do ano. Por isso, criamos o <strong>Combo da Economia e Praticidade J\u00fapiter<\/strong>, uma solu\u00e7\u00e3o integrada que re\u00fane todos os servi\u00e7os essenciais em um s\u00f3 pacote, com pagamento parcelado em at\u00e9 10x, oferecendo praticidade e controle total sobre o investimento anual.<\/p><p><strong>Como Montar o Seu Combo J\u00fapiter?<\/strong><\/p><p><strong>1\u00ba Passo: Escolha os Servi\u00e7os Necess\u00e1rios<\/strong> Identifique os servi\u00e7os que seu condom\u00ednio precisa ao longo do ano, como:<\/p><ul><li><strong>Dedetiza\u00e7\u00e3o das \u00e1reas comuns:<\/strong> Proteja seu condom\u00ednio contra pragas urbanas.<\/li><li><strong>Nebuliza\u00e7\u00e3o:<\/strong> Combate eficiente de insetos voadores em \u00e1reas externas e internas.<\/li><li><strong>Descupiniza\u00e7\u00e3o:<\/strong> Elimine cupins e preserve a estrutura do im\u00f3vel.<\/li><li><strong>Desratiza\u00e7\u00e3o das \u00e1reas comuns:<\/strong> Controle eficaz de roedores, garantindo seguran\u00e7a e higiene.<\/li><li><strong>Desentupimento com chamadas ilimitadas:<\/strong> Atendimento \u00e1gil para qualquer emerg\u00eancia.<\/li><li><strong>V\u00eddeo Inspe\u00e7\u00e3o:<\/strong> Diagn\u00f3stico preciso de tubula\u00e7\u00f5es e sistemas de esgoto.<\/li><li><strong>Esgotamento e limpeza dos po\u00e7os de \u00e1guas servidas:<\/strong> Mantenha o sistema de drenagem em perfeito estado.<\/li><li><strong>Esgotamento de fossas:<\/strong> Servi\u00e7o essencial para evitar transbordamentos e mau cheiro.<\/li><li><strong>Higieniza\u00e7\u00e3o dos reservat\u00f3rios d\u2019\u00e1gua:<\/strong> Garantia de \u00e1gua limpa e pot\u00e1vel para todos.<\/li><li><strong>An\u00e1lise bacteriol\u00f3gica da \u00e1gua:<\/strong> Certifique-se da qualidade da \u00e1gua consumida no condom\u00ednio.<\/li><\/ul><p><strong>2\u00ba Passo: Defina as \u00c1reas de Atua\u00e7\u00e3o<\/strong> Determine quais \u00e1reas do condom\u00ednio necessitam desses servi\u00e7os. No Combo J\u00fapiter, voc\u00ea pode incluir tanto as \u00e1reas externas quanto internas, e at\u00e9 mesmo os apartamentos, garantindo uma cobertura completa.<\/p><p><strong>3\u00ba Passo: Escolha a Frequ\u00eancia dos Servi\u00e7os<\/strong> Decida a periodicidade com que cada servi\u00e7o ser\u00e1 realizado. Voc\u00ea pode personalizar a quantidade de atendimentos para cada servi\u00e7o escolhido e, se necess\u00e1rio, incluir o <strong>atendimento 24h<\/strong> no seu pacote.<\/p><p><strong>4\u00ba Passo: Tranquilidade e Praticidade Garantidas<\/strong> Com seu combo montado, seu condom\u00ednio estar\u00e1 coberto durante todo o ano, com servi\u00e7os realizados de forma r\u00e1pida e eficaz. Al\u00e9m disso, o custo ser\u00e1 dilu\u00eddo em at\u00e9 10 parcelas fixas, proporcionando um controle financeiro mais eficiente.<\/p><p><strong>Benef\u00edcios do Combo J\u00fapiter<\/strong><\/p><ul><li><strong>Flexibilidade na Escolha dos Servi\u00e7os:<\/strong> Customize seu pacote conforme as necessidades espec\u00edficas do seu condom\u00ednio.<\/li><li><strong>Cobertura Anual Garantida:<\/strong> Tenha a certeza de que todos os servi\u00e7os essenciais ser\u00e3o realizados ao longo do ano.<\/li><li><strong>Controle Financeiro Simplificado:<\/strong> Planeje o investimento anual do condom\u00ednio com pagamentos em at\u00e9 10 parcelas fixas.<\/li><li><strong>Garantia de Qualidade:<\/strong> Todos os servi\u00e7os prestados pela J\u00fapiter contam com a nossa garantia de satisfa\u00e7\u00e3o.<\/li><\/ul><p><strong>Combo J\u00fapiter: Servi\u00e7os Sob Medida para Seu Condom\u00ednio<\/strong><\/p><p>N\u00e3o perca a oportunidade de manter seu condom\u00ednio em dia com todos os servi\u00e7os necess\u00e1rios, de forma econ\u00f4mica e pr\u00e1tica. Se seu condom\u00ednio ainda n\u00e3o possui o Combo J\u00fapiter, entre em contato conosco agora mesmo e descubra como podemos ajudar a manter seu patrim\u00f4nio sempre seguro e bem cuidado.<\/p><\/div><\/div>\t\t\t\t\t\t\t\t<\/div>\n\t\t\t\t<\/div>\n\t\t\t\t<\/div>\n\t\t\t\t<\/div>\n\t\t\t\t<\/div>\n\t\t","protected":false},"excerpt":{"rendered":"<p>Combo da economia e praticidade Combo da economia Combo da Economia e Praticidade J\u00fapiter: Solu\u00e7\u00f5es Completas para seu Condom\u00ednio Na J\u00fapiter Desentupidora, entendemos a import\u00e2ncia de manter seu condom\u00ednio seguro e bem cuidado ao longo do ano. Por isso, criamos o Combo da Economia e Praticidade J\u00fapiter, uma solu\u00e7\u00e3o integrada que re\u00fane todos os servi\u00e7os [&hellip;]<\/p>\n","protected":false},"author":1,"featured_media":0,"parent":0,"menu_order":0,"comment_status":"closed","ping_status":"closed","template":"","meta":{"footnotes":""},"class_list":["post-574","page","type-page","status-publish","hentry"],"yoast_head":"<!-- This site is optimized with the Yoast SEO plugin v27.2 - https:\/\/yoast.com\/product\/yoast-seo-wordpress\/ -->\n<title>Combo da economia e praticidade - J\u00fapiter Desentupidora<\/title>\n<meta name=\"description\" content=\"Combo da Economia um pacote de servi\u00e7os da J\u00fapiter Desentupidora, totalmente personaliz\u00e1vel de acordo com a sua necessidade\" \/>\n<meta name=\"robots\" content=\"index, follow, max-snippet:-1, max-image-preview:large, max-video-preview:-1\" \/>\n<link rel=\"canonical\" href=\"https:\/\/jupitersp.com.br\/index.php\/combo-da-economia\/\" \/>\n<meta property=\"og:locale\" content=\"pt_PT\" \/>\n<meta property=\"og:type\" content=\"article\" \/>\n<meta property=\"og:title\" content=\"Combo da economia e praticidade - J\u00fapiter Desentupidora\" \/>\n<meta property=\"og:description\" content=\"Combo da Economia um pacote de servi\u00e7os da J\u00fapiter Desentupidora, totalmente personaliz\u00e1vel de acordo com a sua necessidade\" \/>\n<meta property=\"og:url\" content=\"https:\/\/jupitersp.com.br\/index.php\/combo-da-economia\/\" \/>\n<meta property=\"og:site_name\" content=\"J\u00fapiter Desentupidora\" \/>\n<meta property=\"article:publisher\" content=\"https:\/\/www.facebook.com\/jupiterdesentupidora\" \/>\n<meta property=\"article:modified_time\" content=\"2025-01-30T15:18:34+00:00\" \/>\n<meta property=\"og:image\" content=\"https:\/\/jupitersp.com.br\/wp-content\/uploads\/2024\/12\/ComboJupiterDesenupidora-1024x1024.png\" \/>\n<meta name=\"twitter:card\" content=\"summary_large_image\" \/>\n<meta name=\"twitter:label1\" content=\"Tempo estimado de leitura\" \/>\n\t<meta name=\"twitter:data1\" content=\"3 minutos\" \/>\n<script type=\"application\/ld+json\" class=\"yoast-schema-graph\">{\"@context\":\"https:\/\/schema.org\",\"@graph\":[{\"@type\":\"WebPage\",\"@id\":\"https:\/\/jupitersp.com.br\/index.php\/combo-da-economia\/\",\"url\":\"https:\/\/jupitersp.com.br\/index.php\/combo-da-economia\/\",\"name\":\"Combo da economia e praticidade - J\u00fapiter Desentupidora\",\"isPartOf\":{\"@id\":\"https:\/\/jupitersp.com.br\/#website\"},\"primaryImageOfPage\":{\"@id\":\"https:\/\/jupitersp.com.br\/index.php\/combo-da-economia\/#primaryimage\"},\"image\":{\"@id\":\"https:\/\/jupitersp.com.br\/index.php\/combo-da-economia\/#primaryimage\"},\"thumbnailUrl\":\"https:\/\/jupitersp.com.br\/wp-content\/uploads\/2024\/12\/ComboJupiterDesenupidora-1024x1024.png\",\"datePublished\":\"2024-07-05T00:48:23+00:00\",\"dateModified\":\"2025-01-30T15:18:34+00:00\",\"description\":\"Combo da Economia um pacote de servi\u00e7os da J\u00fapiter Desentupidora, totalmente personaliz\u00e1vel de acordo com a sua necessidade\",\"breadcrumb\":{\"@id\":\"https:\/\/jupitersp.com.br\/index.php\/combo-da-economia\/#breadcrumb\"},\"inLanguage\":\"pt-PT\",\"potentialAction\":[{\"@type\":\"ReadAction\",\"target\":[\"https:\/\/jupitersp.com.br\/index.php\/combo-da-economia\/\"]}]},{\"@type\":\"ImageObject\",\"inLanguage\":\"pt-PT\",\"@id\":\"https:\/\/jupitersp.com.br\/index.php\/combo-da-economia\/#primaryimage\",\"url\":\"https:\/\/jupitersp.com.br\/wp-content\/uploads\/2024\/12\/ComboJupiterDesenupidora.png\",\"contentUrl\":\"https:\/\/jupitersp.com.br\/wp-content\/uploads\/2024\/12\/ComboJupiterDesenupidora.png\",\"width\":1080,\"height\":1080,\"caption\":\"Combo se servi\u00e7os um pacote personalizado de solu\u00e7\u00f5es J\u00fapiter\"},{\"@type\":\"BreadcrumbList\",\"@id\":\"https:\/\/jupitersp.com.br\/index.php\/combo-da-economia\/#breadcrumb\",\"itemListElement\":[{\"@type\":\"ListItem\",\"position\":1,\"name\":\"In\u00edcio\",\"item\":\"https:\/\/jupitersp.com.br\/\"},{\"@type\":\"ListItem\",\"position\":2,\"name\":\"Combo da economia e praticidade\"}]},{\"@type\":\"WebSite\",\"@id\":\"https:\/\/jupitersp.com.br\/#website\",\"url\":\"https:\/\/jupitersp.com.br\/\",\"name\":\"J\u00fapiter Desentupidora\",\"description\":\"Desentupimento desinsetiza\u00e7\u00e3o dedetiza\u00e7\u00e3o higieniza\u00e7\u00e3o caixas d`\u00e1gua Descupiniza\u00e7\u00e3o Hidrojateamento\",\"publisher\":{\"@id\":\"https:\/\/jupitersp.com.br\/#organization\"},\"alternateName\":\"jupiterdesentupidora\",\"potentialAction\":[{\"@type\":\"SearchAction\",\"target\":{\"@type\":\"EntryPoint\",\"urlTemplate\":\"https:\/\/jupitersp.com.br\/?s={search_term_string}\"},\"query-input\":{\"@type\":\"PropertyValueSpecification\",\"valueRequired\":true,\"valueName\":\"search_term_string\"}}],\"inLanguage\":\"pt-PT\"},{\"@type\":\"Organization\",\"@id\":\"https:\/\/jupitersp.com.br\/#organization\",\"name\":\"J\u00fapiter Desentupidora\",\"alternateName\":\"Desentupidora Jupiter\",\"url\":\"https:\/\/jupitersp.com.br\/\",\"logo\":{\"@type\":\"ImageObject\",\"inLanguage\":\"pt-PT\",\"@id\":\"https:\/\/jupitersp.com.br\/#\/schema\/logo\/image\/\",\"url\":\"https:\/\/jupitersp.com.br\/wp-content\/uploads\/2024\/05\/JupiterDesentupidora.webp\",\"contentUrl\":\"https:\/\/jupitersp.com.br\/wp-content\/uploads\/2024\/05\/JupiterDesentupidora.webp\",\"width\":1920,\"height\":960,\"caption\":\"J\u00fapiter Desentupidora\"},\"image\":{\"@id\":\"https:\/\/jupitersp.com.br\/#\/schema\/logo\/image\/\"},\"sameAs\":[\"https:\/\/www.facebook.com\/jupiterdesentupidora\",\"https:\/\/www.instagram.com\/jupiterdesentupidora\"]}]}<\/script>\n<!-- \/ Yoast SEO plugin. -->","yoast_head_json":{"title":"Combo da economia e praticidade - J\u00fapiter Desentupidora","description":"Combo da Economia um pacote de servi\u00e7os da J\u00fapiter Desentupidora, totalmente personaliz\u00e1vel de acordo com a sua necessidade","robots":{"index":"index","follow":"follow","max-snippet":"max-snippet:-1","max-image-preview":"max-image-preview:large","max-video-preview":"max-video-preview:-1"},"canonical":"https:\/\/jupitersp.com.br\/index.php\/combo-da-economia\/","og_locale":"pt_PT","og_type":"article","og_title":"Combo da economia e praticidade - J\u00fapiter Desentupidora","og_description":"Combo da Economia um pacote de servi\u00e7os da J\u00fapiter Desentupidora, totalmente personaliz\u00e1vel de acordo com a sua necessidade","og_url":"https:\/\/jupitersp.com.br\/index.php\/combo-da-economia\/","og_site_name":"J\u00fapiter Desentupidora","article_publisher":"https:\/\/www.facebook.com\/jupiterdesentupidora","article_modified_time":"2025-01-30T15:18:34+00:00","og_image":[{"url":"https:\/\/jupitersp.com.br\/wp-content\/uploads\/2024\/12\/ComboJupiterDesenupidora-1024x1024.png","type":"","width":"","height":""}],"twitter_card":"summary_large_image","twitter_misc":{"Tempo estimado de leitura":"3 minutos"},"schema":{"@context":"https:\/\/schema.org","@graph":[{"@type":"WebPage","@id":"https:\/\/jupitersp.com.br\/index.php\/combo-da-economia\/","url":"https:\/\/jupitersp.com.br\/index.php\/combo-da-economia\/","name":"Combo da economia e praticidade - J\u00fapiter Desentupidora","isPartOf":{"@id":"https:\/\/jupitersp.com.br\/#website"},"primaryImageOfPage":{"@id":"https:\/\/jupitersp.com.br\/index.php\/combo-da-economia\/#primaryimage"},"image":{"@id":"https:\/\/jupitersp.com.br\/index.php\/combo-da-economia\/#primaryimage"},"thumbnailUrl":"https:\/\/jupitersp.com.br\/wp-content\/uploads\/2024\/12\/ComboJupiterDesenupidora-1024x1024.png","datePublished":"2024-07-05T00:48:23+00:00","dateModified":"2025-01-30T15:18:34+00:00","description":"Combo da Economia um pacote de servi\u00e7os da J\u00fapiter Desentupidora, totalmente personaliz\u00e1vel de acordo com a sua necessidade","breadcrumb":{"@id":"https:\/\/jupitersp.com.br\/index.php\/combo-da-economia\/#breadcrumb"},"inLanguage":"pt-PT","potentialAction":[{"@type":"ReadAction","target":["https:\/\/jupitersp.com.br\/index.php\/combo-da-economia\/"]}]},{"@type":"ImageObject","inLanguage":"pt-PT","@id":"https:\/\/jupitersp.com.br\/index.php\/combo-da-economia\/#primaryimage","url":"https:\/\/jupitersp.com.br\/wp-content\/uploads\/2024\/12\/ComboJupiterDesenupidora.png","contentUrl":"https:\/\/jupitersp.com.br\/wp-content\/uploads\/2024\/12\/ComboJupiterDesenupidora.png","width":1080,"height":1080,"caption":"Combo se servi\u00e7os um pacote personalizado de solu\u00e7\u00f5es J\u00fapiter"},{"@type":"BreadcrumbList","@id":"https:\/\/jupitersp.com.br\/index.php\/combo-da-economia\/#breadcrumb","itemListElement":[{"@type":"ListItem","position":1,"name":"In\u00edcio","item":"https:\/\/jupitersp.com.br\/"},{"@type":"ListItem","position":2,"name":"Combo da economia e praticidade"}]},{"@type":"WebSite","@id":"https:\/\/jupitersp.com.br\/#website","url":"https:\/\/jupitersp.com.br\/","name":"J\u00fapiter Desentupidora","description":"Desentupimento desinsetiza\u00e7\u00e3o dedetiza\u00e7\u00e3o higieniza\u00e7\u00e3o caixas d`\u00e1gua Descupiniza\u00e7\u00e3o Hidrojateamento","publisher":{"@id":"https:\/\/jupitersp.com.br\/#organization"},"alternateName":"jupiterdesentupidora","potentialAction":[{"@type":"SearchAction","target":{"@type":"EntryPoint","urlTemplate":"https:\/\/jupitersp.com.br\/?s={search_term_string}"},"query-input":{"@type":"PropertyValueSpecification","valueRequired":true,"valueName":"search_term_string"}}],"inLanguage":"pt-PT"},{"@type":"Organization","@id":"https:\/\/jupitersp.com.br\/#organization","name":"J\u00fapiter Desentupidora","alternateName":"Desentupidora Jupiter","url":"https:\/\/jupitersp.com.br\/","logo":{"@type":"ImageObject","inLanguage":"pt-PT","@id":"https:\/\/jupitersp.com.br\/#\/schema\/logo\/image\/","url":"https:\/\/jupitersp.com.br\/wp-content\/uploads\/2024\/05\/JupiterDesentupidora.webp","contentUrl":"https:\/\/jupitersp.com.br\/wp-content\/uploads\/2024\/05\/JupiterDesentupidora.webp","width":1920,"height":960,"caption":"J\u00fapiter Desentupidora"},"image":{"@id":"https:\/\/jupitersp.com.br\/#\/schema\/logo\/image\/"},"sameAs":["https:\/\/www.facebook.com\/jupiterdesentupidora","https:\/\/www.instagram.com\/jupiterdesentupidora"]}]}},"_links":{"self":[{"href":"https:\/\/jupitersp.com.br\/index.php\/wp-json\/wp\/v2\/pages\/574","targetHints":{"allow":["GET"]}}],"collection":[{"href":"https:\/\/jupitersp.com.br\/index.php\/wp-json\/wp\/v2\/pages"}],"about":[{"href":"https:\/\/jupitersp.com.br\/index.php\/wp-json\/wp\/v2\/types\/page"}],"author":[{"embeddable":true,"href":"https:\/\/jupitersp.com.br\/index.php\/wp-json\/wp\/v2\/users\/1"}],"replies":[{"embeddable":true,"href":"https:\/\/jupitersp.com.br\/index.php\/wp-json\/wp\/v2\/comments?post=574"}],"version-history":[{"count":25,"href":"https:\/\/jupitersp.com.br\/index.php\/wp-json\/wp\/v2\/pages\/574\/revisions"}],"predecessor-version":[{"id":1047,"href":"https:\/\/jupitersp.com.br\/index.php\/wp-json\/wp\/v2\/pages\/574\/revisions\/1047"}],"wp:attachment":[{"href":"https:\/\/jupitersp.com.br\/index.php\/wp-json\/wp\/v2\/media?parent=574"}],"curies":[{"name":"wp","href":"https:\/\/api.w.org\/{rel}","templated":true}]}}