{"id":1192,"date":"2025-06-11T12:58:41","date_gmt":"2025-06-11T15:58:41","guid":{"rendered":"https:\/\/jupitersp.com.br\/?page_id=1192"},"modified":"2025-06-11T15:26:17","modified_gmt":"2025-06-11T18:26:17","slug":"politica-de-qualidade","status":"publish","type":"page","link":"https:\/\/jupitersp.com.br\/index.php\/politica-de-qualidade\/","title":{"rendered":"Pol\u00edtica de qualidade"},"content":{"rendered":"\t\t<div data-elementor-type=\"wp-page\" data-elementor-id=\"1192\" class=\"elementor elementor-1192\" data-elementor-post-type=\"page\">\n\t\t\t\t<div class=\"elementor-element elementor-element-018df41 e-flex e-con-boxed e-con e-parent\" data-id=\"018df41\" data-element_type=\"container\" data-e-type=\"container\">\n\t\t\t\t\t<div class=\"e-con-inner\">\n\t\t\t\t<div class=\"elementor-element elementor-element-84ee18c elementor-widget elementor-widget-heading\" data-id=\"84ee18c\" data-element_type=\"widget\" data-e-type=\"widget\" data-widget_type=\"heading.default\">\n\t\t\t\t<div class=\"elementor-widget-container\">\n\t\t\t\t\t<h3 class=\"elementor-heading-title elementor-size-default\">Pol\u00edtica de qualidade<\/h3>\t\t\t\t<\/div>\n\t\t\t\t<\/div>\n\t\t\t\t<div class=\"elementor-element elementor-element-e5b8266 elementor-widget elementor-widget-text-editor\" data-id=\"e5b8266\" data-element_type=\"widget\" data-e-type=\"widget\" data-widget_type=\"text-editor.default\">\n\t\t\t\t<div class=\"elementor-widget-container\">\n\t\t\t\t\t\t\t\t\t<p>As a\u00e7\u00f5es da J\u00fapiter est\u00e3o para atender os requisitos da Qualidade, visando satisfazer as necessidades de nossos clientes, colaboradores e fornecedores.<\/p><ul><li>Promover condi\u00e7\u00f5es de higiene e limpeza visando a sa\u00fade e o bem-estar das pessoas, atrav\u00e9s do funcionamento eficaz das redes de esgotos e \u00e1guas pluviais, higieniza\u00e7\u00e3o e desinfec\u00e7\u00e3o dos reservat\u00f3rios d\u2019\u00e1gua e manejo de vetores e pragas urbanas, oferecendo servi\u00e7os de alta qualidade aos nossos clientes;<\/li><li>Buscar a melhoria cont\u00ednua em nossos processos e servi\u00e7os;<\/li><li>Formar parcerias com as nossas partes interessadas;<\/li><li>Capacitar permanentemente nossos colaboradores ;<\/li><li>Atender os requisitos legais e regulamentares.<\/li><\/ul>\t\t\t\t\t\t\t\t<\/div>\n\t\t\t\t<\/div>\n\t\t\t\t\t<\/div>\n\t\t\t\t<\/div>\n\t\t<div class=\"elementor-element elementor-element-1799212 e-flex e-con-boxed e-con e-parent\" data-id=\"1799212\" data-element_type=\"container\" data-e-type=\"container\">\n\t\t\t\t\t<div class=\"e-con-inner\">\n\t\t<div class=\"elementor-element elementor-element-0d27f53 e-con-full e-flex e-con e-child\" data-id=\"0d27f53\" data-element_type=\"container\" data-e-type=\"container\">\n\t\t\t\t<div class=\"elementor-element elementor-element-f7b80ae elementor-widget elementor-widget-heading\" data-id=\"f7b80ae\" data-element_type=\"widget\" data-e-type=\"widget\" data-widget_type=\"heading.default\">\n\t\t\t\t<div class=\"elementor-widget-container\">\n\t\t\t\t\t<h2 class=\"elementor-heading-title elementor-size-default\">Amanda  Guimar\u00e3es<\/h2>\t\t\t\t<\/div>\n\t\t\t\t<\/div>\n\t\t\t\t<div class=\"elementor-element elementor-element-03c59bd elementor-widget elementor-widget-text-editor\" data-id=\"03c59bd\" data-element_type=\"widget\" data-e-type=\"widget\" data-widget_type=\"text-editor.default\">\n\t\t\t\t<div class=\"elementor-widget-container\">\n\t\t\t\t\t\t\t\t\t<p>Amanda Carvalho Guimar\u00e3es<\/p>\t\t\t\t\t\t\t\t<\/div>\n\t\t\t\t<\/div>\n\t\t\t\t<\/div>\n\t\t<div class=\"elementor-element elementor-element-a9543f6 e-con-full e-flex e-con e-child\" data-id=\"a9543f6\" data-element_type=\"container\" data-e-type=\"container\">\n\t\t\t\t<div class=\"elementor-element elementor-element-5b385ac elementor-widget elementor-widget-heading\" data-id=\"5b385ac\" data-element_type=\"widget\" data-e-type=\"widget\" data-widget_type=\"heading.default\">\n\t\t\t\t<div class=\"elementor-widget-container\">\n\t\t\t\t\t<h2 class=\"elementor-heading-title elementor-size-default\">Anderson A. Jesus<\/h2>\t\t\t\t<\/div>\n\t\t\t\t<\/div>\n\t\t\t\t<div class=\"elementor-element elementor-element-1c3ac54 elementor-widget elementor-widget-text-editor\" data-id=\"1c3ac54\" data-element_type=\"widget\" data-e-type=\"widget\" data-widget_type=\"text-editor.default\">\n\t\t\t\t<div class=\"elementor-widget-container\">\n\t\t\t\t\t\t\t\t\t<p>Anderson Aparecido G. Jesus<\/p>\t\t\t\t\t\t\t\t<\/div>\n\t\t\t\t<\/div>\n\t\t\t\t<\/div>\n\t\t<div class=\"elementor-element elementor-element-cde72ed e-con-full e-flex e-con e-child\" data-id=\"cde72ed\" data-element_type=\"container\" data-e-type=\"container\">\n\t\t\t\t<div class=\"elementor-element elementor-element-132d81f elementor-widget elementor-widget-heading\" data-id=\"132d81f\" data-element_type=\"widget\" data-e-type=\"widget\" data-widget_type=\"heading.default\">\n\t\t\t\t<div class=\"elementor-widget-container\">\n\t\t\t\t\t<h2 class=\"elementor-heading-title elementor-size-default\">Bianca  Guimar\u00e3es<\/h2>\t\t\t\t<\/div>\n\t\t\t\t<\/div>\n\t\t\t\t<div class=\"elementor-element elementor-element-9bb87b4 elementor-widget elementor-widget-text-editor\" data-id=\"9bb87b4\" data-element_type=\"widget\" data-e-type=\"widget\" data-widget_type=\"text-editor.default\">\n\t\t\t\t<div class=\"elementor-widget-container\">\n\t\t\t\t\t\t\t\t\t<p>Bianca Carvalho Guimar\u00e3es<\/p>\t\t\t\t\t\t\t\t<\/div>\n\t\t\t\t<\/div>\n\t\t\t\t<\/div>\n\t\t<div class=\"elementor-element elementor-element-fc85213 e-con-full e-flex e-con e-child\" data-id=\"fc85213\" data-element_type=\"container\" data-e-type=\"container\">\n\t\t\t\t<div class=\"elementor-element elementor-element-1029e6f elementor-widget elementor-widget-heading\" data-id=\"1029e6f\" data-element_type=\"widget\" data-e-type=\"widget\" data-widget_type=\"heading.default\">\n\t\t\t\t<div class=\"elementor-widget-container\">\n\t\t\t\t\t<h2 class=\"elementor-heading-title elementor-size-default\">Claudio S. Guimaraes<\/h2>\t\t\t\t<\/div>\n\t\t\t\t<\/div>\n\t\t\t\t<div class=\"elementor-element elementor-element-072304c elementor-widget elementor-widget-text-editor\" data-id=\"072304c\" data-element_type=\"widget\" data-e-type=\"widget\" data-widget_type=\"text-editor.default\">\n\t\t\t\t<div class=\"elementor-widget-container\">\n\t\t\t\t\t\t\t\t\t<p>Claudio Luiz Alves Silva Guimar\u00e3es<\/p>\t\t\t\t\t\t\t\t<\/div>\n\t\t\t\t<\/div>\n\t\t\t\t<\/div>\n\t\t<div class=\"elementor-element elementor-element-03ffdc6 e-con-full e-flex e-con e-child\" data-id=\"03ffdc6\" data-element_type=\"container\" data-e-type=\"container\">\n\t\t\t\t<div class=\"elementor-element elementor-element-d5d35db elementor-widget elementor-widget-heading\" data-id=\"d5d35db\" data-element_type=\"widget\" data-e-type=\"widget\" data-widget_type=\"heading.default\">\n\t\t\t\t<div class=\"elementor-widget-container\">\n\t\t\t\t\t<h2 class=\"elementor-heading-title elementor-size-default\">Michelle L.Palma<\/h2>\t\t\t\t<\/div>\n\t\t\t\t<\/div>\n\t\t\t\t<div class=\"elementor-element elementor-element-b944722 elementor-widget elementor-widget-text-editor\" data-id=\"b944722\" data-element_type=\"widget\" data-e-type=\"widget\" data-widget_type=\"text-editor.default\">\n\t\t\t\t<div class=\"elementor-widget-container\">\n\t\t\t\t\t\t\t\t\t<p>Michelle Lima Palma<\/p>\t\t\t\t\t\t\t\t<\/div>\n\t\t\t\t<\/div>\n\t\t\t\t<\/div>\n\t\t<div class=\"elementor-element elementor-element-a369cab e-con-full e-flex e-con e-child\" data-id=\"a369cab\" data-element_type=\"container\" data-e-type=\"container\">\n\t\t\t\t<div class=\"elementor-element elementor-element-d859981 elementor-widget elementor-widget-heading\" data-id=\"d859981\" data-element_type=\"widget\" data-e-type=\"widget\" data-widget_type=\"heading.default\">\n\t\t\t\t<div class=\"elementor-widget-container\">\n\t\t\t\t\t<h2 class=\"elementor-heading-title elementor-size-default\">Talita P. Sousa<\/h2>\t\t\t\t<\/div>\n\t\t\t\t<\/div>\n\t\t\t\t<div class=\"elementor-element elementor-element-188f21e elementor-widget elementor-widget-text-editor\" data-id=\"188f21e\" data-element_type=\"widget\" data-e-type=\"widget\" data-widget_type=\"text-editor.default\">\n\t\t\t\t<div class=\"elementor-widget-container\">\n\t\t\t\t\t\t\t\t\t<p>Talita Pereira de Sousa<\/p>\t\t\t\t\t\t\t\t<\/div>\n\t\t\t\t<\/div>\n\t\t\t\t<\/div>\n\t\t\t\t\t<\/div>\n\t\t\t\t<\/div>\n\t\t\t\t<\/div>\n\t\t","protected":false},"excerpt":{"rendered":"<p>Pol\u00edtica de qualidade As a\u00e7\u00f5es da J\u00fapiter est\u00e3o para atender os requisitos da Qualidade, visando satisfazer as necessidades de nossos clientes, colaboradores e fornecedores. Promover condi\u00e7\u00f5es de higiene e limpeza visando a sa\u00fade e o bem-estar das pessoas, atrav\u00e9s do funcionamento eficaz das redes de esgotos e \u00e1guas pluviais, higieniza\u00e7\u00e3o e desinfec\u00e7\u00e3o dos reservat\u00f3rios d\u2019\u00e1gua [&hellip;]<\/p>\n","protected":false},"author":1,"featured_media":0,"parent":0,"menu_order":0,"comment_status":"closed","ping_status":"closed","template":"","meta":{"footnotes":""},"class_list":["post-1192","page","type-page","status-publish","hentry"],"yoast_head":"<!-- This site is optimized with the Yoast SEO plugin v27.2 - https:\/\/yoast.com\/product\/yoast-seo-wordpress\/ -->\n<title>Pol\u00edtica de qualidade - J\u00fapiter Desentupidora<\/title>\n<meta name=\"robots\" content=\"index, follow, max-snippet:-1, max-image-preview:large, max-video-preview:-1\" \/>\n<link rel=\"canonical\" href=\"https:\/\/jupitersp.com.br\/index.php\/politica-de-qualidade\/\" \/>\n<meta property=\"og:locale\" content=\"pt_PT\" \/>\n<meta property=\"og:type\" content=\"article\" \/>\n<meta property=\"og:title\" content=\"Pol\u00edtica de qualidade - J\u00fapiter Desentupidora\" \/>\n<meta property=\"og:description\" content=\"Pol\u00edtica de qualidade As a\u00e7\u00f5es da J\u00fapiter est\u00e3o para atender os requisitos da Qualidade, visando satisfazer as necessidades de nossos clientes, colaboradores e fornecedores. Promover condi\u00e7\u00f5es de higiene e limpeza visando a sa\u00fade e o bem-estar das pessoas, atrav\u00e9s do funcionamento eficaz das redes de esgotos e \u00e1guas pluviais, higieniza\u00e7\u00e3o e desinfec\u00e7\u00e3o dos reservat\u00f3rios d\u2019\u00e1gua [&hellip;]\" \/>\n<meta property=\"og:url\" content=\"https:\/\/jupitersp.com.br\/index.php\/politica-de-qualidade\/\" \/>\n<meta property=\"og:site_name\" content=\"J\u00fapiter Desentupidora\" \/>\n<meta property=\"article:publisher\" content=\"https:\/\/www.facebook.com\/jupiterdesentupidora\" \/>\n<meta property=\"article:modified_time\" content=\"2025-06-11T18:26:17+00:00\" \/>\n<meta property=\"og:image\" content=\"https:\/\/jupitersp.com.br\/wp-content\/uploads\/2024\/05\/Banner_jupiter.webp\" \/>\n\t<meta property=\"og:image:width\" content=\"1920\" \/>\n\t<meta property=\"og:image:height\" content=\"960\" \/>\n\t<meta property=\"og:image:type\" content=\"image\/webp\" \/>\n<meta name=\"twitter:card\" content=\"summary_large_image\" \/>\n<meta name=\"twitter:label1\" content=\"Tempo estimado de leitura\" \/>\n\t<meta name=\"twitter:data1\" content=\"1 minuto\" \/>\n<script type=\"application\/ld+json\" class=\"yoast-schema-graph\">{\"@context\":\"https:\/\/schema.org\",\"@graph\":[{\"@type\":\"WebPage\",\"@id\":\"https:\/\/jupitersp.com.br\/index.php\/politica-de-qualidade\/\",\"url\":\"https:\/\/jupitersp.com.br\/index.php\/politica-de-qualidade\/\",\"name\":\"Pol\u00edtica de qualidade - J\u00fapiter Desentupidora\",\"isPartOf\":{\"@id\":\"https:\/\/jupitersp.com.br\/#website\"},\"datePublished\":\"2025-06-11T15:58:41+00:00\",\"dateModified\":\"2025-06-11T18:26:17+00:00\",\"breadcrumb\":{\"@id\":\"https:\/\/jupitersp.com.br\/index.php\/politica-de-qualidade\/#breadcrumb\"},\"inLanguage\":\"pt-PT\",\"potentialAction\":[{\"@type\":\"ReadAction\",\"target\":[\"https:\/\/jupitersp.com.br\/index.php\/politica-de-qualidade\/\"]}]},{\"@type\":\"BreadcrumbList\",\"@id\":\"https:\/\/jupitersp.com.br\/index.php\/politica-de-qualidade\/#breadcrumb\",\"itemListElement\":[{\"@type\":\"ListItem\",\"position\":1,\"name\":\"In\u00edcio\",\"item\":\"https:\/\/jupitersp.com.br\/\"},{\"@type\":\"ListItem\",\"position\":2,\"name\":\"Pol\u00edtica de qualidade\"}]},{\"@type\":\"WebSite\",\"@id\":\"https:\/\/jupitersp.com.br\/#website\",\"url\":\"https:\/\/jupitersp.com.br\/\",\"name\":\"J\u00fapiter Desentupidora\",\"description\":\"Desentupimento desinsetiza\u00e7\u00e3o dedetiza\u00e7\u00e3o higieniza\u00e7\u00e3o caixas d`\u00e1gua Descupiniza\u00e7\u00e3o Hidrojateamento\",\"publisher\":{\"@id\":\"https:\/\/jupitersp.com.br\/#organization\"},\"alternateName\":\"jupiterdesentupidora\",\"potentialAction\":[{\"@type\":\"SearchAction\",\"target\":{\"@type\":\"EntryPoint\",\"urlTemplate\":\"https:\/\/jupitersp.com.br\/?s={search_term_string}\"},\"query-input\":{\"@type\":\"PropertyValueSpecification\",\"valueRequired\":true,\"valueName\":\"search_term_string\"}}],\"inLanguage\":\"pt-PT\"},{\"@type\":\"Organization\",\"@id\":\"https:\/\/jupitersp.com.br\/#organization\",\"name\":\"J\u00fapiter Desentupidora\",\"alternateName\":\"Desentupidora Jupiter\",\"url\":\"https:\/\/jupitersp.com.br\/\",\"logo\":{\"@type\":\"ImageObject\",\"inLanguage\":\"pt-PT\",\"@id\":\"https:\/\/jupitersp.com.br\/#\/schema\/logo\/image\/\",\"url\":\"https:\/\/jupitersp.com.br\/wp-content\/uploads\/2024\/05\/JupiterDesentupidora.webp\",\"contentUrl\":\"https:\/\/jupitersp.com.br\/wp-content\/uploads\/2024\/05\/JupiterDesentupidora.webp\",\"width\":1920,\"height\":960,\"caption\":\"J\u00fapiter Desentupidora\"},\"image\":{\"@id\":\"https:\/\/jupitersp.com.br\/#\/schema\/logo\/image\/\"},\"sameAs\":[\"https:\/\/www.facebook.com\/jupiterdesentupidora\",\"https:\/\/www.instagram.com\/jupiterdesentupidora\"]}]}<\/script>\n<!-- \/ Yoast SEO plugin. -->","yoast_head_json":{"title":"Pol\u00edtica de qualidade - J\u00fapiter Desentupidora","robots":{"index":"index","follow":"follow","max-snippet":"max-snippet:-1","max-image-preview":"max-image-preview:large","max-video-preview":"max-video-preview:-1"},"canonical":"https:\/\/jupitersp.com.br\/index.php\/politica-de-qualidade\/","og_locale":"pt_PT","og_type":"article","og_title":"Pol\u00edtica de qualidade - J\u00fapiter Desentupidora","og_description":"Pol\u00edtica de qualidade As a\u00e7\u00f5es da J\u00fapiter est\u00e3o para atender os requisitos da Qualidade, visando satisfazer as necessidades de nossos clientes, colaboradores e fornecedores. Promover condi\u00e7\u00f5es de higiene e limpeza visando a sa\u00fade e o bem-estar das pessoas, atrav\u00e9s do funcionamento eficaz das redes de esgotos e \u00e1guas pluviais, higieniza\u00e7\u00e3o e desinfec\u00e7\u00e3o dos reservat\u00f3rios d\u2019\u00e1gua [&hellip;]","og_url":"https:\/\/jupitersp.com.br\/index.php\/politica-de-qualidade\/","og_site_name":"J\u00fapiter Desentupidora","article_publisher":"https:\/\/www.facebook.com\/jupiterdesentupidora","article_modified_time":"2025-06-11T18:26:17+00:00","og_image":[{"width":1920,"height":960,"url":"https:\/\/jupitersp.com.br\/wp-content\/uploads\/2024\/05\/Banner_jupiter.webp","type":"image\/webp"}],"twitter_card":"summary_large_image","twitter_misc":{"Tempo estimado de leitura":"1 minuto"},"schema":{"@context":"https:\/\/schema.org","@graph":[{"@type":"WebPage","@id":"https:\/\/jupitersp.com.br\/index.php\/politica-de-qualidade\/","url":"https:\/\/jupitersp.com.br\/index.php\/politica-de-qualidade\/","name":"Pol\u00edtica de qualidade - J\u00fapiter Desentupidora","isPartOf":{"@id":"https:\/\/jupitersp.com.br\/#website"},"datePublished":"2025-06-11T15:58:41+00:00","dateModified":"2025-06-11T18:26:17+00:00","breadcrumb":{"@id":"https:\/\/jupitersp.com.br\/index.php\/politica-de-qualidade\/#breadcrumb"},"inLanguage":"pt-PT","potentialAction":[{"@type":"ReadAction","target":["https:\/\/jupitersp.com.br\/index.php\/politica-de-qualidade\/"]}]},{"@type":"BreadcrumbList","@id":"https:\/\/jupitersp.com.br\/index.php\/politica-de-qualidade\/#breadcrumb","itemListElement":[{"@type":"ListItem","position":1,"name":"In\u00edcio","item":"https:\/\/jupitersp.com.br\/"},{"@type":"ListItem","position":2,"name":"Pol\u00edtica de qualidade"}]},{"@type":"WebSite","@id":"https:\/\/jupitersp.com.br\/#website","url":"https:\/\/jupitersp.com.br\/","name":"J\u00fapiter Desentupidora","description":"Desentupimento desinsetiza\u00e7\u00e3o dedetiza\u00e7\u00e3o higieniza\u00e7\u00e3o caixas d`\u00e1gua Descupiniza\u00e7\u00e3o Hidrojateamento","publisher":{"@id":"https:\/\/jupitersp.com.br\/#organization"},"alternateName":"jupiterdesentupidora","potentialAction":[{"@type":"SearchAction","target":{"@type":"EntryPoint","urlTemplate":"https:\/\/jupitersp.com.br\/?s={search_term_string}"},"query-input":{"@type":"PropertyValueSpecification","valueRequired":true,"valueName":"search_term_string"}}],"inLanguage":"pt-PT"},{"@type":"Organization","@id":"https:\/\/jupitersp.com.br\/#organization","name":"J\u00fapiter Desentupidora","alternateName":"Desentupidora Jupiter","url":"https:\/\/jupitersp.com.br\/","logo":{"@type":"ImageObject","inLanguage":"pt-PT","@id":"https:\/\/jupitersp.com.br\/#\/schema\/logo\/image\/","url":"https:\/\/jupitersp.com.br\/wp-content\/uploads\/2024\/05\/JupiterDesentupidora.webp","contentUrl":"https:\/\/jupitersp.com.br\/wp-content\/uploads\/2024\/05\/JupiterDesentupidora.webp","width":1920,"height":960,"caption":"J\u00fapiter Desentupidora"},"image":{"@id":"https:\/\/jupitersp.com.br\/#\/schema\/logo\/image\/"},"sameAs":["https:\/\/www.facebook.com\/jupiterdesentupidora","https:\/\/www.instagram.com\/jupiterdesentupidora"]}]}},"_links":{"self":[{"href":"https:\/\/jupitersp.com.br\/index.php\/wp-json\/wp\/v2\/pages\/1192","targetHints":{"allow":["GET"]}}],"collection":[{"href":"https:\/\/jupitersp.com.br\/index.php\/wp-json\/wp\/v2\/pages"}],"about":[{"href":"https:\/\/jupitersp.com.br\/index.php\/wp-json\/wp\/v2\/types\/page"}],"author":[{"embeddable":true,"href":"https:\/\/jupitersp.com.br\/index.php\/wp-json\/wp\/v2\/users\/1"}],"replies":[{"embeddable":true,"href":"https:\/\/jupitersp.com.br\/index.php\/wp-json\/wp\/v2\/comments?post=1192"}],"version-history":[{"count":34,"href":"https:\/\/jupitersp.com.br\/index.php\/wp-json\/wp\/v2\/pages\/1192\/revisions"}],"predecessor-version":[{"id":1228,"href":"https:\/\/jupitersp.com.br\/index.php\/wp-json\/wp\/v2\/pages\/1192\/revisions\/1228"}],"wp:attachment":[{"href":"https:\/\/jupitersp.com.br\/index.php\/wp-json\/wp\/v2\/media?parent=1192"}],"curies":[{"name":"wp","href":"https:\/\/api.w.org\/{rel}","templated":true}]}}